{"id":144,"date":"2023-03-22T11:23:56","date_gmt":"2023-03-22T11:23:56","guid":{"rendered":"https:\/\/perfectmarbella.isabellatech.es\/?page_id=144"},"modified":"2024-03-25T20:20:11","modified_gmt":"2024-03-25T20:20:11","slug":"services","status":"publish","type":"page","link":"https:\/\/perfectmarbella.com\/no\/services\/","title":{"rendered":"Tjenester"},"content":{"rendered":"<section class=\"px-4 my-20 lg:my-32 bg-white\" id=\"mb-block-dc690fca-5db9-435f-8356-36707c49ed01\">\n  <div class=\"w-full mx-auto max-w-7xl\">\n    <div class=\"flex gap-y-8 gap-x-16 items-center max-md:flex-col flex-row-reverse\">\n              <div class=\"flex-1\">\n          <img decoding=\"async\" class=\"w-full min-h-[350px] max-h-[450px] h-full object-cover object-center rounded-3xl\" src=\"https:\/\/perfectmarbella.com\/wp-content\/uploads\/2023\/05\/B98Le8d7M9k3DegpEFZhS0lI_F8U4XZVzHWxtmGgYekxX9nCAxh0ZipZlAjNxEM6s1urIyRsp5NpTq7DfFte58HxQerkcLW2hOjuXXSmZW_ISA2MDcHeWVEI7JqAEWBr3YpgvYy_BKCESZK-640x480.jpg\" \/>\n        <\/div>\n            <div class=\"flex-1\">\n                  <div>\n                          <div class=\"flex items-center gap-4 mb-2 text-sm font-light text-primary\">\n                <div class=\"w-16 h-[1px] bg-primary\"><\/div>\n                V\u00e5re tjenester hos Perfect Marbella              <\/div>\n                                      <h2 class=\"mb-8 text-2xl font-light text-primary-black md:text-3xl\">Skreddersydde l\u00f8sninger for din eiendomsreise<\/h2>\n                      <\/div>\n                          <div class=\"mb-5 text-sm font-light content text-secondary-black\">\n            <p>Vi forst\u00e5r at veien til din dr\u00f8mmebolig er en reise som krever mer enn bare kj\u00f8p og salg. Derfor tilbyr vi et bredt spekter av tjenester designet for \u00e5 m\u00f8te alle dine behov p\u00e5 Costa del Sol. Fra omfattende r\u00e5dgivning ved kj\u00f8p og salg av eiendommer, problemfri eiendomsforvaltning, til ekspertise innen bygge- og utviklingsprosjekter, st\u00e5r v\u00e5rt dedikerte team klart til \u00e5 assistere deg.<\/p>\n<p>Vi tilbyr ogs\u00e5 spesialiserte tjenester som forsikring, finansiering og juridisk r\u00e5dgivning, for \u00e5 sikre en komplett og trygg eiendomsopplevelse. Hos Perfect Marbella er vi forpliktet til \u00e5 gi deg personlig oppf\u00f8lging og ekspertveiledning i hvert steg av din eiendomsreise.<\/p>\n          <\/div>\n                      <\/div>\n    <\/div>\n  <\/div>\n<\/section>\n\n<section class=\"py-20 bg-tertiary\">\n  <div class=\"w-full mx-auto max-w-7xl px-4\">\n    <div class=\"mb-16 text-center\">\n      <h2 class=\"mb-4 font-light text-2xl md:text-3xl\">Oppdag v\u00e5re tilpassede eiendomstjenester<\/h2>\n      <div class=\"font-light text-muted text-sm md:text-md\"><div class=\"mb-16 text-center\">\n<div class=\"font-medium text-sm md:text-base\">\n<h5>Hos Perfect Marbella finner du et bredt utvalg av tilpassede eiendomstjenester, n\u00f8ye utformet for \u00e5 m\u00f8te dine individuelle behov og preferanser p\u00e5 Costa del Sol. Vi legger stor vekt p\u00e5 personlig tiln\u00e6rming og detaljerte l\u00f8sninger for \u00e5 sikre at hver kunde opplever en unik og tilfredsstillende eiendomsreise.<\/h5>\n<\/div>\n<\/div>\n<\/div>\n    <\/div>\n    <div class=\"grid gap-4 lg:grid-cols-2 xl:grid-cols-3\" id=\"services\">\n      <article class=\"flex flex-col justify-between bg-white rounded-2xl overflow-hidden\">\n  <div class=\"flex-1 flex flex-col px-5 pt-6 pb-5 text-center\">\n    <h3 class=\"mb-4 text-black line-clamp-1 font-normal text-balance text-lg md:text-xl\">\n      <a href=\"https:\/\/perfectmarbella.com\/no\/service\/buying-process\/\">Kj\u00f8psprosessen<\/a>\n    <\/h3>\n    <div class=\"mb-5 font-light text-muted line-clamp-3 text-sm\">\n      Den spanske kj\u00f8psprosessen skiller seg betydelig fra den i andre land. Det er ingen formelle visninger som vi er vant til i Norge og andre land. Eiendommer annonseres p\u00e5 nettet av alle eller mange spanske eiendomsmeglere. Kj\u00f8psprosessen krever erfaring og innsats her i Spania. Du vil definitivt trenge profesjonell st\u00f8tte og service. Perfect Marbella vil [&hellip;]    <\/div>\n    <a href=\"https:\/\/perfectmarbella.com\/no\/service\/buying-process\/\" class=\"mt-auto font-light text-sm md:text-base\">Vis mer \u2192<\/a>\n  <\/div>\n        <a href=\"https:\/\/perfectmarbella.com\/no\/service\/buying-process\/\">\n        <img decoding=\"async\" class=\"object-cover object-center w-full aspect-video\" src=\"https:\/\/perfectmarbella.com\/wp-content\/uploads\/2024\/06\/perfectmarbella-marbella-640x480.jpg\" alt=\"Kj\u00f8psprosessen\" \/>\n      <\/a>\n  <\/article><article class=\"flex flex-col justify-between bg-white rounded-2xl overflow-hidden\">\n  <div class=\"flex-1 flex flex-col px-5 pt-6 pb-5 text-center\">\n    <h3 class=\"mb-4 text-black line-clamp-1 font-normal text-balance text-lg md:text-xl\">\n      <a href=\"https:\/\/perfectmarbella.com\/no\/service\/buy-sell-perfect-marbella\/\">Kj\u00f8p og salg<\/a>\n    <\/h3>\n    <div class=\"mb-5 font-light text-muted line-clamp-3 text-sm\">\n      Med mer enn 25 \u00e5rs erfaring gir Perfect Marbella skreddersydde eiendomstjenester p\u00e5 Costa del Sol for b\u00e5de kj\u00f8pere og selgere.    <\/div>\n    <a href=\"https:\/\/perfectmarbella.com\/no\/service\/buy-sell-perfect-marbella\/\" class=\"mt-auto font-light text-sm md:text-base\">Vis mer \u2192<\/a>\n  <\/div>\n        <a href=\"https:\/\/perfectmarbella.com\/no\/service\/buy-sell-perfect-marbella\/\">\n        <img decoding=\"async\" class=\"object-cover object-center w-full aspect-video\" src=\"https:\/\/perfectmarbella.com\/wp-content\/uploads\/2024\/06\/perfectmarbella-realestate-villa-los-monteros-costadelsol-emirates-saudiarabia17-640x480.jpg\" alt=\"Kj\u00f8p og salg\" \/>\n      <\/a>\n  <\/article><article class=\"flex flex-col justify-between bg-white rounded-2xl overflow-hidden\">\n  <div class=\"flex-1 flex flex-col px-5 pt-6 pb-5 text-center\">\n    <h3 class=\"mb-4 text-black line-clamp-1 font-normal text-balance text-lg md:text-xl\">\n      <a href=\"https:\/\/perfectmarbella.com\/no\/service\/rentals\/\">Eiendomsforvaltning<\/a>\n    <\/h3>\n    <div class=\"mb-5 font-light text-muted line-clamp-3 text-sm\">\n      Opplev den ultimate freden i sinnet med Perfect Marbellas forvaltningstjenester. N\u00e5r du eier eiendom p\u00e5 Costa del Sol, er v\u00e5rt m\u00e5l \u00e5 s\u00f8rge for en s\u00f8ml\u00f8s, bekymringsfri eiendomsopplevelse.    <\/div>\n    <a href=\"https:\/\/perfectmarbella.com\/no\/service\/rentals\/\" class=\"mt-auto font-light text-sm md:text-base\">Vis mer \u2192<\/a>\n  <\/div>\n        <a href=\"https:\/\/perfectmarbella.com\/no\/service\/rentals\/\">\n        <img decoding=\"async\" class=\"object-cover object-center w-full aspect-video\" src=\"https:\/\/perfectmarbella.com\/wp-content\/uploads\/2023\/10\/51-San-Pedro-640x480.jpg\" alt=\"Eiendomsforvaltning\" \/>\n      <\/a>\n  <\/article><article class=\"flex flex-col justify-between bg-white rounded-2xl overflow-hidden\">\n  <div class=\"flex-1 flex flex-col px-5 pt-6 pb-5 text-center\">\n    <h3 class=\"mb-4 text-black line-clamp-1 font-normal text-balance text-lg md:text-xl\">\n      <a href=\"https:\/\/perfectmarbella.com\/no\/service\/for-investors-and-family-offices\/\">Byggeprosjekter<\/a>\n    <\/h3>\n    <div class=\"mb-5 font-light text-muted line-clamp-3 text-sm\">\n      Perfect Marbella h\u00e5ndterer alle typer eiendomsprosjekter p\u00e5 Costa del Sol, og garanterer kvalitet og kostnadseffektivitet.    <\/div>\n    <a href=\"https:\/\/perfectmarbella.com\/no\/service\/for-investors-and-family-offices\/\" class=\"mt-auto font-light text-sm md:text-base\">Vis mer \u2192<\/a>\n  <\/div>\n        <a href=\"https:\/\/perfectmarbella.com\/no\/service\/for-investors-and-family-offices\/\">\n        <img decoding=\"async\" class=\"object-cover object-center w-full aspect-video\" src=\"https:\/\/perfectmarbella.com\/wp-content\/uploads\/2024\/04\/Knut-on-site-640x480.jpg\" alt=\"Byggeprosjekter\" \/>\n      <\/a>\n  <\/article>    <\/div>\n      <\/div>\n<\/section>\n\n\n\n<section class=\"px-4 py-20 sm:py-32 bg-tertiary\" id=\"mb-block-05a6c91f-f435-43fe-be0f-fa1fb076e1e7\">\n  <div class=\"items-center w-full gap-16 mx-auto lg:flex max-w-7xl\">\n    <div class=\"flex-1\">\n      <div class=\"px-4 py-8 mb-16 bg-white rounded-3xl lg:px-10 lg:py-10 lg:mb-0\">\n        \n<div class=\"wpcf7 no-js\" id=\"wpcf7-f3386-o2\" lang=\"es-ES\" dir=\"ltr\" data-wpcf7-id=\"3386\">\n<div class=\"screen-reader-response\"><p role=\"status\" aria-live=\"polite\" aria-atomic=\"true\"><\/p> <ul><\/ul><\/div>\n<form action=\"\/no\/wp-json\/wp\/v2\/pages\/144#wpcf7-f3386-o2\" method=\"post\" class=\"wpcf7-form init\" aria-label=\"Formulario de contacto\" novalidate=\"novalidate\" data-status=\"init\">\n<div style=\"display: none;\">\n<input type=\"hidden\" name=\"_wpcf7\" value=\"3386\" \/>\n<input type=\"hidden\" name=\"_wpcf7_version\" value=\"6.0.5\" \/>\n<input type=\"hidden\" name=\"_wpcf7_locale\" value=\"es_ES\" \/>\n<input type=\"hidden\" name=\"_wpcf7_unit_tag\" value=\"wpcf7-f3386-o2\" \/>\n<input type=\"hidden\" name=\"_wpcf7_container_post\" value=\"0\" \/>\n<input type=\"hidden\" name=\"_wpcf7_posted_data_hash\" value=\"\" \/>\n<input type=\"hidden\" name=\"_wpcf7_recaptcha_response\" value=\"\" \/>\n<\/div>\n<div class=\"grid gap-6 text-secondary\">\n    <div class=\"grid md:grid-cols-2 gap-6\">\n      <div class=\"grid gap-2 w-full\">\n        <label class=\"font-medium\" for=\"fullname\">Fullt navn<span class=\"text-red-600\">*<\/span><\/label>\n        <span class=\"wpcf7-form-control-wrap\" data-name=\"fullname\"><input size=\"40\" maxlength=\"400\" class=\"wpcf7-form-control wpcf7-text wpcf7-validates-as-required form-input w-full\" aria-required=\"true\" aria-invalid=\"false\" placeholder=\"Fullt navn\" value=\"\" type=\"text\" name=\"fullname\" \/><\/span>\n      <\/div>\n      <div class=\"grid gap-2 w-full\">\n        <label class=\"font-medium\" for=\"phone\">Telefon<span class=\"text-red-600\">*<\/span><\/label>\n        <span class=\"wpcf7-form-control-wrap\" data-name=\"phone\"><input size=\"40\" maxlength=\"400\" class=\"wpcf7-form-control wpcf7-text wpcf7-validates-as-required form-input w-full\" aria-required=\"true\" aria-invalid=\"false\" placeholder=\"Telefon\" value=\"\" type=\"text\" name=\"phone\" \/><\/span>\n      <\/div>\n    <\/div>\n    <div class=\"grid gap-2 w-full\">\n      <label class=\"font-medium\" for=\"email\">Email<span class=\"text-red-600\">*<\/span><\/label>\n      <span class=\"wpcf7-form-control-wrap\" data-name=\"email\"><input size=\"40\" maxlength=\"400\" class=\"wpcf7-form-control wpcf7-email wpcf7-validates-as-required wpcf7-text wpcf7-validates-as-email form-input w-full\" aria-required=\"true\" aria-invalid=\"false\" placeholder=\"Email\" value=\"\" type=\"email\" name=\"email\" \/><\/span>\n    <\/div>\n    <div class=\"grid gap-2 w-full\">\n      <label class=\"font-medium\" for=\"subject\">Hva er din henvendelse? <span class=\"text-red-600\">*<\/span><\/label>\n      <span class=\"wpcf7-form-control-wrap\" data-name=\"message\"><textarea cols=\"40\" rows=\"10\" maxlength=\"2000\" class=\"wpcf7-form-control wpcf7-textarea wpcf7-validates-as-required form-texarea w-full\" aria-required=\"true\" aria-invalid=\"false\" placeholder=\"Skriv en melding\" name=\"message\"><\/textarea><\/span>\n    <\/div>\n    <div class=\"w-full\">\n      <button type=\"submit\" class=\"btn-primary\">Send en melding<\/button>\n    <\/div>\n  <\/div><div class=\"wpcf7-response-output\" aria-hidden=\"true\"><\/div>\n<\/form>\n<\/div>\n      <\/div>\n    <\/div>\n    <div class=\"flex-1\">\n              <h2 class=\"mb-5 text-2xl font-light text-primary-black md:text-3xl\">Vennligst kontakt oss for \u00e5 planlegge et bes\u00f8k til ditt dr\u00f8mmehjem.<\/h2>\n                    <p class=\"mb-5 text-sm font-light text-secondary-black md:text-base\">Vennligst fyll ut skjemaet med informasjonen relatert til din foresp\u00f8rsel, og vi vil svare deg s\u00e5 snart som mulig.<\/p>\n                    <div class=\"h-[1px] w-full my-5 bg-divider\"><\/div>\n            <div class=\"flex gap-4 mb-5\">\n        <svg width=\"32\" height=\"33\" viewBox=\"0 0 32 33\" fill=\"none\" xmlns=\"http:\/\/www.w3.org\/2000\/svg\" class=\"text-primary shrink-0\">\n          <path d=\"M28.925 6.04254C28.925 6.04254 28.925 6.05504 28.925 6.06129L21.65 30.0538C21.5399 30.4435 21.3132 30.7902 21.0004 31.0473C20.6876 31.3045 20.3036 31.4599 19.9 31.4925C19.8425 31.4975 19.785 31.5 19.7275 31.5C19.3492 31.5012 18.9785 31.3942 18.6592 31.1915C18.3398 30.9888 18.085 30.699 17.925 30.3563L13.4612 20.9325C13.4172 20.8393 13.403 20.7347 13.4207 20.6331C13.4384 20.5315 13.487 20.4379 13.56 20.365L20.7175 13.2063C20.8971 13.0172 20.9958 12.7655 20.9924 12.5047C20.9891 12.244 20.884 11.9948 20.6996 11.8104C20.5152 11.626 20.2661 11.5209 20.0053 11.5176C19.7446 11.5143 19.4928 11.6129 19.3037 11.7925L12.135 18.95C12.0621 19.023 11.9685 19.0717 11.8669 19.0893C11.7653 19.107 11.6607 19.0929 11.5675 19.0488L2.19249 14.6075C1.8243 14.4389 1.51444 14.1647 1.30216 13.8198C1.08987 13.4749 0.984714 13.0747 0.999992 12.67C1.02035 12.2541 1.17094 11.855 1.43047 11.5293C1.69 11.2036 2.04533 10.9678 2.44624 10.855L26.4387 3.58004H26.4575C26.7991 3.48407 27.1601 3.4807 27.5034 3.57029C27.8468 3.65988 28.1601 3.8392 28.4112 4.08985C28.6624 4.34049 28.8423 4.65345 28.9326 4.9966C29.0229 5.33975 29.0203 5.70074 28.925 6.04254Z\" fill=\"currentColor\" \/>\n        <\/svg>\n        <div>\n          <p class=\"text-lg font-light md:text-xl\">Send oss en mail<\/p>\n          <p class=\"text-sm font-normal text-primary md:text-base\">\n\t\t\t  <a href=\"mailto:info@perfectmarbella.com\" class=\"hover:underline\">\n\t\t\t\tinfo@perfectmarbella.com\t\t\t  <\/a>\n\t\t\t<\/p>\n\n        <\/div>\n      <\/div>\n      <div class=\"flex gap-4 mb-5\">\n        <svg width=\"32\" height=\"33\" viewBox=\"0 0 32 33\" fill=\"none\" xmlns=\"http:\/\/www.w3.org\/2000\/svg\" class=\"text-primary shrink-0\">\n          <path d=\"M28.985 22.385C28.7621 24.0788 27.9303 25.6335 26.6449 26.7588C25.3595 27.8841 23.7084 28.5031 22 28.5C12.075 28.5 4.00001 20.425 4.00001 10.5C3.99695 8.7916 4.61587 7.14052 5.74118 5.85511C6.86649 4.5697 8.42122 3.73787 10.115 3.51499C10.5433 3.46269 10.9771 3.55032 11.3515 3.76479C11.7259 3.97926 12.0209 4.30907 12.1925 4.70499L14.8325 10.5987V10.6137C14.9639 10.9168 15.0181 11.2477 14.9904 11.5768C14.9627 11.906 14.8539 12.2231 14.6738 12.5C14.6513 12.5337 14.6275 12.565 14.6025 12.5962L12 15.6812C12.9363 17.5837 14.9263 19.5562 16.8538 20.495L19.8963 17.9062C19.9261 17.8811 19.9574 17.8578 19.99 17.8362C20.2666 17.6517 20.5849 17.5391 20.916 17.5086C21.2471 17.478 21.5806 17.5305 21.8863 17.6612L21.9025 17.6687L27.7913 20.3075C28.1879 20.4785 28.5185 20.7732 28.7337 21.1477C28.9489 21.5222 29.037 21.9562 28.985 22.385Z\" fill=\"currentColor\" \/>\n        <\/svg>\n        <div>\n          <p class=\"text-lg font-light md:text-xl\">Ring oss<\/p>\n          <ul class=\"text-sm font-normal text-primary md:text-base\">\n\t\t\t  <li>\n\t\t\t\t<a href=\"tel:+47 922 33 500\" class=\"hover:underline\">\n\t\t\t\t  +47 922 33 500\t\t\t\t<\/a>\n\t\t\t\t(Norge)\n\t\t\t  <\/li>\n\t\t\t  <li>\n\t\t\t\t<a href=\"tel:+34 677 990 992\" class=\"hover:underline\">\n\t\t\t\t  +34 677 990 992\t\t\t\t<\/a>\n\t\t\t\t(Spania)\n\t\t\t  <\/li>\n\t\t\t<\/ul>\n        <\/div>\n      <\/div>\n      <div class=\"flex gap-4 mb-5\">\n        <svg width=\"32\" height=\"33\" viewBox=\"0 0 32 33\" fill=\"none\" xmlns=\"http:\/\/www.w3.org\/2000\/svg\" class=\"text-primary shrink-0\">\n          <path d=\"M16 2.5C13.0836 2.50331 10.2877 3.6633 8.22548 5.72548C6.1633 7.78766 5.00331 10.5836 5 13.5C5 22.9125 15 30.0212 15.4263 30.3188C15.5944 30.4365 15.7947 30.4997 16 30.4997C16.2053 30.4997 16.4056 30.4365 16.5737 30.3188C17 30.0212 27 22.9125 27 13.5C26.9967 10.5836 25.8367 7.78766 23.7745 5.72548C21.7123 3.6633 18.9164 2.50331 16 2.5ZM16 9.5C16.7911 9.5 17.5645 9.7346 18.2223 10.1741C18.8801 10.6136 19.3928 11.2384 19.6955 11.9693C19.9983 12.7002 20.0775 13.5044 19.9231 14.2804C19.7688 15.0563 19.3878 15.769 18.8284 16.3284C18.269 16.8878 17.5563 17.2688 16.7804 17.4231C16.0044 17.5775 15.2002 17.4983 14.4693 17.1955C13.7384 16.8928 13.1136 16.3801 12.6741 15.7223C12.2346 15.0645 12 14.2911 12 13.5C12 12.4391 12.4214 11.4217 13.1716 10.6716C13.9217 9.92143 14.9391 9.5 16 9.5Z\" fill=\"currentColor\" \/>\n        <\/svg>\n        <div>\n          <p class=\"text-lg font-light md:text-xl\">Adresse<\/p>\n          <p class=\"text-sm font-normal text-primary md:text-base\">Ricardo Soriano, 65. 29600 Marbella (Malaga) Spain<\/p>\n        <\/div>\n      <\/div>\n      <div class=\"flex gap-4 mb-5\">\n        <svg width=\"32\" height=\"33\" viewBox=\"0 0 32 33\" fill=\"none\" xmlns=\"http:\/\/www.w3.org\/2000\/svg\" class=\"text-primary shrink-0\">\n          <path d=\"M16 3.5C13.4288 3.5 10.9154 4.26244 8.77759 5.6909C6.63975 7.11935 4.97351 9.14968 3.98957 11.5251C3.00563 13.9006 2.74819 16.5144 3.2498 19.0362C3.75141 21.5579 4.98953 23.8743 6.80762 25.6924C8.6257 27.5105 10.9421 28.7486 13.4638 29.2502C15.9856 29.7518 18.5995 29.4944 20.9749 28.5104C23.3503 27.5265 25.3807 25.8603 26.8091 23.7224C28.2376 21.5846 29 19.0712 29 16.5C28.9964 13.0533 27.6256 9.74882 25.1884 7.31163C22.7512 4.87445 19.4467 3.50364 16 3.5ZM23 17.5H16C15.7348 17.5 15.4804 17.3946 15.2929 17.2071C15.1054 17.0196 15 16.7652 15 16.5V9.5C15 9.23478 15.1054 8.98043 15.2929 8.79289C15.4804 8.60536 15.7348 8.5 16 8.5C16.2652 8.5 16.5196 8.60536 16.7071 8.79289C16.8946 8.98043 17 9.23478 17 9.5V15.5H23C23.2652 15.5 23.5196 15.6054 23.7071 15.7929C23.8946 15.9804 24 16.2348 24 16.5C24 16.7652 23.8946 17.0196 23.7071 17.2071C23.5196 17.3946 23.2652 17.5 23 17.5Z\" fill=\"currentColor\" \/>\n        <\/svg>\n        <div>\n          <p class=\"text-lg font-light md:text-xl\">Timeplan<\/p>\n          <p class=\"text-sm font-normal text-primary md:text-base\">Mandag til Fredag  09:00 to 20:00 L\u00f8rdag 09:00 to 14:00<\/p>\n        <\/div>\n      <\/div>\n    <\/div>\n  <\/div>\n<\/section>","protected":false},"excerpt":{"rendered":"","protected":false},"author":3,"featured_media":1591,"parent":0,"menu_order":14,"comment_status":"closed","ping_status":"closed","template":"","meta":{"slim_seo":{"title":"[:en]Services[:no]Tjenester[:es]Servicios[:] - Perfect Marbella","description":"[:en] [:no] [:es] [:]"},"_joinchat":[],"footnotes":""},"class_list":["post-144","page","type-page","status-publish","has-post-thumbnail","hentry"],"meta_box":{"search_property_category":""},"_links":{"self":[{"href":"https:\/\/perfectmarbella.com\/no\/wp-json\/wp\/v2\/pages\/144","targetHints":{"allow":["GET"]}}],"collection":[{"href":"https:\/\/perfectmarbella.com\/no\/wp-json\/wp\/v2\/pages"}],"about":[{"href":"https:\/\/perfectmarbella.com\/no\/wp-json\/wp\/v2\/types\/page"}],"author":[{"embeddable":true,"href":"https:\/\/perfectmarbella.com\/no\/wp-json\/wp\/v2\/users\/3"}],"replies":[{"embeddable":true,"href":"https:\/\/perfectmarbella.com\/no\/wp-json\/wp\/v2\/comments?post=144"}],"version-history":[{"count":65,"href":"https:\/\/perfectmarbella.com\/no\/wp-json\/wp\/v2\/pages\/144\/revisions"}],"predecessor-version":[{"id":3949,"href":"https:\/\/perfectmarbella.com\/no\/wp-json\/wp\/v2\/pages\/144\/revisions\/3949"}],"wp:featuredmedia":[{"embeddable":true,"href":"https:\/\/perfectmarbella.com\/no\/wp-json\/wp\/v2\/media\/1591"}],"wp:attachment":[{"href":"https:\/\/perfectmarbella.com\/no\/wp-json\/wp\/v2\/media?parent=144"}],"curies":[{"name":"wp","href":"https:\/\/api.w.org\/{rel}","templated":true}]}}