{"id":3357,"date":"2023-09-04T10:26:10","date_gmt":"2023-09-04T10:26:10","guid":{"rendered":"https:\/\/perfectmarbella.isabellatech.es\/?page_id=3357"},"modified":"2024-05-29T17:34:19","modified_gmt":"2024-05-29T17:34:19","slug":"area-guide","status":"publish","type":"page","link":"https:\/\/perfectmarbella.com\/no\/area-guide\/","title":{"rendered":"Din guide til omr\u00e5dene p\u00e5 Costa del Sol"},"content":{"rendered":"<p><\/p>\n\n\n\n<p><\/p>\n\n\n\n<p><\/p>\n\n\n<section class=\"my-20 lg:my-32\" id=\"area-results\">\n  <div class=\"mx-auto w-fill max-w-7xl max-xl:px-4\">\n    <div class=\"mb-10\">\n      <h2 class=\"mb-2 text-2xl font-light text-primary-black md:text-3xl\">Oppdag alle de fineste stedene rundt Costa Del Sol<\/h2>\n          <\/div>\n          <div class=\"grid mb-8 md:grid-cols-2 gap-x-8 gap-y-16\">\n        <article class=\"flex flex-col md:flex-row items-center md:gap-9 md:col-span-2\">\n  <div class=\"flex-1 w-full mb-4 md:mb-0\">\n    <a href=\"https:\/\/perfectmarbella.com\/no\/area\/marbella\/\" class=\"block overflow-hidden rounded-2xl\">\n              <img decoding=\"async\" class=\"object-cover object-center w-full aspect-featured transition-all duration-1000 hover:scale-110\" src=\"https:\/\/perfectmarbella.com\/wp-content\/uploads\/2023\/10\/marbella_guide_banner.jpg\" alt=\"Marbella\" \/>\n          <\/a>\n  <\/div>\n  <div class=\"md:max-w-sm\">\n    <div class=\"flex justify-between items-center mb-4\">\n      <h3 class=\"font-light text-primary-black text-xl md:text-2xl\">\n        <a href=\"https:\/\/perfectmarbella.com\/no\/area\/marbella\/\">\n          Marbella        <\/a>\n      <\/h3>\n      <p class=\"bg-primary text-white text-[12px] font-normal px-3 py-1 rounded-full uppercase\">\n        Costa del Sol\n      <\/p>\n    <\/div>\n    <div class=\"flex justify-between items-center mb-4\">\n      <a href=\"https:\/\/perfectmarbella.com\/no\/area\/marbella\/\" class=\"text-muted line-clamp-4 font-light text-sm md:text-base\">\n        Marbella, betraktet som kronjuvelen p\u00e5 Costa del Sol, er en blendende kombinasjon av glamor\u00f8s feriedestinasjon og den autentiske sjarmen til en gammel fiskerlandsby. Byen ble et ikonisk feriem\u00e5l p\u00e5 1950-tallet, kjent som en lekegrind for velst\u00e5ende og kjente personligheter. Den fortsetter \u00e5 tiltrekke seg et internasjonalt publikum med sin overd\u00e5dige livsstil og luksuri\u00f8se atmosf\u00e6re. Dette [&hellip;]      <\/a>\n    <\/div>\n    <div class=\"flex items-center gap-4 mb-2 font-light text-primary text-sm md:text-base\">\n      <div class=\"w-16 h-[1px] bg-primary\"><\/div>\n      Fremhevet Plassering    <\/div>\n  <\/div>\n<\/article><a href=\"https:\/\/perfectmarbella.com\/no\/area\/benahavis-2\/\" class=\"block\">\n  <article>\n    <div class=\"mb-4\">\n      <div class=\"overflow-hidden rounded-2xl\">\n                  <img decoding=\"async\" class=\"object-cover object-center w-full transition-all duration-1000 aspect-featured hover:scale-110\" src=\"https:\/\/perfectmarbella.com\/wp-content\/uploads\/2023\/10\/26-Istan.jpg\" alt=\"Benahavis\" \/>\n              <\/div>\n    <\/div>\n\n    <div class=\"flex items-center justify-between mb-3\">\n      <h3 class=\"text-xl font-light text-primary-black md:text-2xl\">\n        Benahavis      <\/h3>\n      <p class=\"bg-primary text-white text-[10px] font-normal px-3 py-0.5 rounded-full uppercase\">\n        Costa del Sol\n      <\/p>\n    <\/div>\n    <div class=\"flex items-center justify-between\">\n      <p class=\"text-sm font-light text-primary line-clamp-1 md:text-base\">\n        Benahav\u00eds, kjent blant andalusiere og utlendinger for sine kulinariske herligheter, har den h\u00f8yeste konsentrasjonen av topprestauranter i regionen, noe som gj\u00f8r det til et gastronomisk paradis. Til tross for sin popularitet, beholder landsbyen sin sjarm med smale, svingete gater som minner om dens mauriske fortid. Ligger 7 kilometer inn i landet fra Guadalmina Golf Course [&hellip;]      <\/p>\n    <\/div>\n  <\/article>\n<\/a><a href=\"https:\/\/perfectmarbella.com\/no\/area\/torrenueva\/\" class=\"block\">\n  <article>\n    <div class=\"mb-4\">\n      <div class=\"overflow-hidden rounded-2xl\">\n                  <img decoding=\"async\" class=\"object-cover object-center w-full transition-all duration-1000 aspect-featured hover:scale-110\" src=\"https:\/\/perfectmarbella.com\/wp-content\/uploads\/2023\/10\/01-Marbella.jpg\" alt=\"Torrenueva\" \/>\n              <\/div>\n    <\/div>\n\n    <div class=\"flex items-center justify-between mb-3\">\n      <h3 class=\"text-xl font-light text-primary-black md:text-2xl\">\n        Torrenueva      <\/h3>\n      <p class=\"bg-primary text-white text-[10px] font-normal px-3 py-0.5 rounded-full uppercase\">\n        Costa del Sol\n      <\/p>\n    <\/div>\n    <div class=\"flex items-center justify-between\">\n      <p class=\"text-sm font-light text-primary line-clamp-1 md:text-base\">\n        Torrenueva, idyllisk plassert i Mijas Costa-omr\u00e5det, er et paradis for strandelskere og golfentusiaster. Med sin enkle tilgang til noen av Costa del Sols mest enest\u00e5ende golfbaner, er omr\u00e5det et perfekt valg for de som \u00f8nsker det beste av begge verdener. Torrenueva er ideelt plassert, kun 15 minutters reise fra Malaga internasjonale flyplass og like n\u00e6r [&hellip;]      <\/p>\n    <\/div>\n  <\/article>\n<\/a><a href=\"https:\/\/perfectmarbella.com\/no\/area\/puerto-banus\/\" class=\"block\">\n  <article>\n    <div class=\"mb-4\">\n      <div class=\"overflow-hidden rounded-2xl\">\n                  <img decoding=\"async\" class=\"object-cover object-center w-full transition-all duration-1000 aspect-featured hover:scale-110\" src=\"https:\/\/perfectmarbella.com\/wp-content\/uploads\/2023\/10\/47-Puerto-Banus.jpg\" alt=\"Puerto Banus\" \/>\n              <\/div>\n    <\/div>\n\n    <div class=\"flex items-center justify-between mb-3\">\n      <h3 class=\"text-xl font-light text-primary-black md:text-2xl\">\n        Puerto Banus      <\/h3>\n      <p class=\"bg-primary text-white text-[10px] font-normal px-3 py-0.5 rounded-full uppercase\">\n        Costa del Sol\n      <\/p>\n    <\/div>\n    <div class=\"flex items-center justify-between\">\n      <p class=\"text-sm font-light text-primary line-clamp-1 md:text-base\">\n        Puerto Jos\u00e9 Ban\u00fas, bedre kjent som Puerto Ban\u00fas, er innbegrepet av luksus i Nueva Andaluc\u00eda-omr\u00e5det i Marbella. Grunnlagt i mai 1970 av den anerkjente eiendomsutvikleren Jos\u00e9 Ban\u00fas, har det raskt utviklet seg til \u00e5 bli en av Europas fremste destinasjoner for luksuri\u00f8s underholdning, med over 12 millioner bes\u00f8kende \u00e5rlig. Som et favorittsted for internasjonale kjendiser, [&hellip;]      <\/p>\n    <\/div>\n  <\/article>\n<\/a><a href=\"https:\/\/perfectmarbella.com\/no\/area\/nueva-andalucia\/\" class=\"block\">\n  <article>\n    <div class=\"mb-4\">\n      <div class=\"overflow-hidden rounded-2xl\">\n                  <img decoding=\"async\" class=\"object-cover object-center w-full transition-all duration-1000 aspect-featured hover:scale-110\" src=\"https:\/\/perfectmarbella.com\/wp-content\/uploads\/2023\/10\/46-Nueva-Andalucia.jpg\" alt=\"Nueva Andalucia\" \/>\n              <\/div>\n    <\/div>\n\n    <div class=\"flex items-center justify-between mb-3\">\n      <h3 class=\"text-xl font-light text-primary-black md:text-2xl\">\n        Nueva Andalucia      <\/h3>\n      <p class=\"bg-primary text-white text-[10px] font-normal px-3 py-0.5 rounded-full uppercase\">\n        Costa del Sol\n      <\/p>\n    <\/div>\n    <div class=\"flex items-center justify-between\">\n      <p class=\"text-sm font-light text-primary line-clamp-1 md:text-base\">\n        Nueva Andaluc\u00eda, et rolig og luksuri\u00f8st nabolag i Marbella, er et ypperlig valg for de som s\u00f8ker eiendom i Spania. Strategisk plassert mellom Puerto Ban\u00fas&raquo; overd\u00e5dighet og Marbellas sjarm, tilbyr dette omr\u00e5det det ideelle stedet for kj\u00f8pere interessert i eiendomsinvesteringer p\u00e5 Costa del Sol. Det er et fredelig alternativ som fortsatt tilbyr glamouren fra n\u00e6rliggende [&hellip;]      <\/p>\n    <\/div>\n  <\/article>\n<\/a><a href=\"https:\/\/perfectmarbella.com\/no\/area\/new-golden-mile\/\" class=\"block\">\n  <article>\n    <div class=\"mb-4\">\n      <div class=\"overflow-hidden rounded-2xl\">\n                  <img decoding=\"async\" class=\"object-cover object-center w-full transition-all duration-1000 aspect-featured hover:scale-110\" src=\"https:\/\/perfectmarbella.com\/wp-content\/uploads\/2023\/10\/45-New-Golden-Mile.jpg\" alt=\"New Golden Mile\" \/>\n              <\/div>\n    <\/div>\n\n    <div class=\"flex items-center justify-between mb-3\">\n      <h3 class=\"text-xl font-light text-primary-black md:text-2xl\">\n        New Golden Mile      <\/h3>\n      <p class=\"bg-primary text-white text-[10px] font-normal px-3 py-0.5 rounded-full uppercase\">\n        Costa del Sol\n      <\/p>\n    <\/div>\n    <div class=\"flex items-center justify-between\">\n      <p class=\"text-sm font-light text-primary line-clamp-1 md:text-base\">\n        New Golden Mile, et begrep som ble introdusert det siste ti\u00e5ret, representerer den pittoreske kyststrekningen mellom San Pedro og Estepona \u00d8st. Denne voksende og ettertraktede beliggenheten, ulik den originale Golden Mile mellom Marbella og Puerto Ban\u00fas, har blitt et popul\u00e6rt omr\u00e5de for eiendomsinvesteringer, s\u00e6rlig blant nord-europeiske kj\u00f8pere. Dette skyldes en unik kombinasjon av moderne utviklinger [&hellip;]      <\/p>\n    <\/div>\n  <\/article>\n<\/a><a href=\"https:\/\/perfectmarbella.com\/no\/area\/nerja\/\" class=\"block\">\n  <article>\n    <div class=\"mb-4\">\n      <div class=\"overflow-hidden rounded-2xl\">\n                  <img decoding=\"async\" class=\"object-cover object-center w-full transition-all duration-1000 aspect-featured hover:scale-110\" src=\"https:\/\/perfectmarbella.com\/wp-content\/uploads\/2023\/10\/44-Nerja.jpg\" alt=\"Nerja\" \/>\n              <\/div>\n    <\/div>\n\n    <div class=\"flex items-center justify-between mb-3\">\n      <h3 class=\"text-xl font-light text-primary-black md:text-2xl\">\n        Nerja      <\/h3>\n      <p class=\"bg-primary text-white text-[10px] font-normal px-3 py-0.5 rounded-full uppercase\">\n        Costa del Sol\n      <\/p>\n    <\/div>\n    <div class=\"flex items-center justify-between\">\n      <p class=\"text-sm font-light text-primary line-clamp-1 md:text-base\">\n        Nerja, kjent som M\u00e1lagas \u00f8stlige perle p\u00e5 Costa del Sol, er en betydelig turistdestinasjon anerkjent for sine sl\u00e5ende kystlandskaper. Denne pittoreske byen, hvor Sierra de Almijara-fjellene m\u00f8ter Middelhavet, er en del av klippene i Maro-Cerro Gordo naturpark, preget av sin r\u00f8ffe kystlinje og uber\u00f8rte viker. Byens sjarm strekker seg utover sine maleriske strender til de [&hellip;]      <\/p>\n    <\/div>\n  <\/article>\n<\/a>      <\/div>\n      <div class=\"mt-16\">\n        <div class=\"pagination\">\n          <nav class=\"nav-links\">\n            <span aria-current=\"page\" class=\"page-numbers current\">1<\/span>\n<a class=\"page-numbers\" href=\"https:\/\/perfectmarbella.com\/no\/wp-json\/wp\/v2\/pages\/3357\/page\/2\/#area-results\">2<\/a>\n<a class=\"page-numbers\" href=\"https:\/\/perfectmarbella.com\/no\/wp-json\/wp\/v2\/pages\/3357\/page\/3\/#area-results\">3<\/a>\n<span class=\"page-numbers dots\">&hellip;<\/span>\n<a class=\"page-numbers\" href=\"https:\/\/perfectmarbella.com\/no\/wp-json\/wp\/v2\/pages\/3357\/page\/8\/#area-results\">8<\/a>\n<a class=\"next page-numbers\" href=\"https:\/\/perfectmarbella.com\/no\/wp-json\/wp\/v2\/pages\/3357\/page\/2\/#area-results\">Neste &raquo;<\/a>          <\/nav>\n        <\/div>\n      <\/div>\n      <\/div>\n<\/section>","protected":false},"excerpt":{"rendered":"","protected":false},"author":3,"featured_media":3436,"parent":0,"menu_order":16,"comment_status":"closed","ping_status":"closed","template":"","meta":{"slim_seo":{"title":"[:en]Area Guide[:no]Din guide til omr\u00e5dene p\u00e5 Costa del Sol[:] - Perfect Marbella","description":"[:en][:no] [:]"},"_joinchat":[],"footnotes":""},"class_list":["post-3357","page","type-page","status-publish","has-post-thumbnail","hentry"],"meta_box":{"search_property_category":""},"_links":{"self":[{"href":"https:\/\/perfectmarbella.com\/no\/wp-json\/wp\/v2\/pages\/3357","targetHints":{"allow":["GET"]}}],"collection":[{"href":"https:\/\/perfectmarbella.com\/no\/wp-json\/wp\/v2\/pages"}],"about":[{"href":"https:\/\/perfectmarbella.com\/no\/wp-json\/wp\/v2\/types\/page"}],"author":[{"embeddable":true,"href":"https:\/\/perfectmarbella.com\/no\/wp-json\/wp\/v2\/users\/3"}],"replies":[{"embeddable":true,"href":"https:\/\/perfectmarbella.com\/no\/wp-json\/wp\/v2\/comments?post=3357"}],"version-history":[{"count":28,"href":"https:\/\/perfectmarbella.com\/no\/wp-json\/wp\/v2\/pages\/3357\/revisions"}],"predecessor-version":[{"id":4037,"href":"https:\/\/perfectmarbella.com\/no\/wp-json\/wp\/v2\/pages\/3357\/revisions\/4037"}],"wp:featuredmedia":[{"embeddable":true,"href":"https:\/\/perfectmarbella.com\/no\/wp-json\/wp\/v2\/media\/3436"}],"wp:attachment":[{"href":"https:\/\/perfectmarbella.com\/no\/wp-json\/wp\/v2\/media?parent=3357"}],"curies":[{"name":"wp","href":"https:\/\/api.w.org\/{rel}","templated":true}]}}